{"id":2,"date":"2020-04-23T20:37:48","date_gmt":"2020-04-23T18:37:48","guid":{"rendered":"http:\/\/ksadamklisko.bezpieczenstwo-it.com\/?page_id=2"},"modified":"2023-04-10T12:03:44","modified_gmt":"2023-04-10T10:03:44","slug":"przykladowa-strona","status":"publish","type":"page","link":"http:\/\/ksadamklisko.pl\/index.php\/przykladowa-strona\/","title":{"rendered":"Idziemy do Boga nie drog\u0105, lecz mi\u0142o\u015bci\u0105."},"content":{"rendered":"<p>&#8211; <span lang=\"PL\">\u015bw. Augustyn<\/span><\/p>\n","protected":false},"excerpt":{"rendered":"<p>&#8211; \u015bw. Augustyn<\/p>\n","protected":false},"author":2,"featured_media":0,"parent":0,"menu_order":0,"comment_status":"closed","ping_status":"open","template":"","meta":{"_monsterinsights_skip_tracking":false,"_monsterinsights_sitenote_active":false,"_monsterinsights_sitenote_note":"","_monsterinsights_sitenote_category":0,"_kadence_starter_templates_imported_post":false,"footnotes":""},"class_list":["post-2","page","type-page","status-publish","hentry"],"aioseo_notices":[],"_links":{"self":[{"href":"http:\/\/ksadamklisko.pl\/index.php\/wp-json\/wp\/v2\/pages\/2","targetHints":{"allow":["GET"]}}],"collection":[{"href":"http:\/\/ksadamklisko.pl\/index.php\/wp-json\/wp\/v2\/pages"}],"about":[{"href":"http:\/\/ksadamklisko.pl\/index.php\/wp-json\/wp\/v2\/types\/page"}],"author":[{"embeddable":true,"href":"http:\/\/ksadamklisko.pl\/index.php\/wp-json\/wp\/v2\/users\/2"}],"replies":[{"embeddable":true,"href":"http:\/\/ksadamklisko.pl\/index.php\/wp-json\/wp\/v2\/comments?post=2"}],"version-history":[{"count":0,"href":"http:\/\/ksadamklisko.pl\/index.php\/wp-json\/wp\/v2\/pages\/2\/revisions"}],"wp:attachment":[{"href":"http:\/\/ksadamklisko.pl\/index.php\/wp-json\/wp\/v2\/media?parent=2"}],"curies":[{"name":"wp","href":"https:\/\/api.w.org\/{rel}","templated":true}]}}